{"id":233,"date":"2025-11-24T11:37:44","date_gmt":"2025-11-24T16:37:44","guid":{"rendered":"https:\/\/www.comppax.com\/?post_type=product&#038;p=233"},"modified":"2026-02-12T19:59:30","modified_gmt":"2026-02-13T00:59:30","slug":"producto-2","status":"publish","type":"product","link":"https:\/\/www.comppax.com\/es\/suministros-para-el-sector-petrolero-y-minero\/producto-2\/","title":{"rendered":"2146-20 &#8211; M18TM RADIUSTM Compact Site Light con ONE-KEYTM"},"content":{"rendered":"<h1 class=\"text-BLACK font-helvetica83 text-18 leading-tight md:font-helvetica83 md:text-22 md:leading-tight\"><span class=\"\">M18TM RADIUS TM Compact Site Light con ONE-KEYTM<\/span><\/h1>\n<p><span class=\"\">Nuestra luz de sitio compacta M18TM RADIUSTM es la luz m\u00e1s vers\u00e1til en el sitio. Es la primera luz de sitio inal\u00e1mbrica de alto rendimiento del mundo en el mercado y proporciona luz en aplicaciones de tareas, \u00e1rea y gastos generales. La luz compacta del sitio de trabajo led ofrece 4.400 l\u00famenes de salida de alta definici\u00f3n TRUEVIEWTM. Nuestra luz port\u00e1til del sitio proporciona suficiente luz para iluminar grandes \u00e1reas de trabajo y se puede reducir a tan solo 1.000 l\u00famenes para trabajar en \u00e1reas confinadas. Una lente de policarbonato de alto impacto y la protecci\u00f3n de entrada IP54 le permiten vivir en las condiciones m\u00e1s dif\u00edciles del lugar de trabajo. La tecnolog\u00eda integrada ONE-KEYTM le permite personalizar, rastrear y administrar su luz a trav\u00e9s de Bluetooth para mantener su inversi\u00f3n segura. Nuestros LED de alta calidad nunca necesitan ser reemplazados y est\u00e1n respaldados por una garant\u00eda limitada de por vida. Las luces de sitio MILWAUKEE\u00ae RADIUSTM proporcionan la m\u00e1xima cobertura para aplicaciones de tareas, \u00e1rea o sobrecarga con su capacidad para llenar un espacio de trabajo completo con 360 grados de luz.<\/span><\/p>\n","protected":false},"excerpt":{"rendered":"<h1 class=\"text-BLACK font-helvetica83 text-18 leading-tight md:font-helvetica83 md:text-22 md:leading-tight\"><span class=\"\">M18TM RADIUS TM Compact Site Light con ONE-KEYTM<\/span><\/h1>\n","protected":false},"featured_media":232,"comment_status":"open","ping_status":"closed","template":"","meta":{"_et_pb_use_builder":"","_et_pb_old_content":"","_et_gb_content_width":""},"product_brand":[],"product_cat":[23,24,26],"product_tag":[],"class_list":{"0":"post-233","1":"product","2":"type-product","3":"status-publish","4":"has-post-thumbnail","6":"product_cat-equipos-electricos-industriales","7":"product_cat-instrumentacion-y-control","8":"product_cat-suministros-para-el-sector-petrolero-y-minero","10":"first","11":"outofstock","12":"shipping-taxable","13":"purchasable","14":"product-type-simple"},"jetpack_sharing_enabled":true,"_links":{"self":[{"href":"https:\/\/www.comppax.com\/es\/wp-json\/wp\/v2\/product\/233","targetHints":{"allow":["GET"]}}],"collection":[{"href":"https:\/\/www.comppax.com\/es\/wp-json\/wp\/v2\/product"}],"about":[{"href":"https:\/\/www.comppax.com\/es\/wp-json\/wp\/v2\/types\/product"}],"replies":[{"embeddable":true,"href":"https:\/\/www.comppax.com\/es\/wp-json\/wp\/v2\/comments?post=233"}],"wp:featuredmedia":[{"embeddable":true,"href":"https:\/\/www.comppax.com\/es\/wp-json\/wp\/v2\/media\/232"}],"wp:attachment":[{"href":"https:\/\/www.comppax.com\/es\/wp-json\/wp\/v2\/media?parent=233"}],"wp:term":[{"taxonomy":"product_brand","embeddable":true,"href":"https:\/\/www.comppax.com\/es\/wp-json\/wp\/v2\/product_brand?post=233"},{"taxonomy":"product_cat","embeddable":true,"href":"https:\/\/www.comppax.com\/es\/wp-json\/wp\/v2\/product_cat?post=233"},{"taxonomy":"product_tag","embeddable":true,"href":"https:\/\/www.comppax.com\/es\/wp-json\/wp\/v2\/product_tag?post=233"}],"curies":[{"name":"wp","href":"https:\/\/api.w.org\/{rel}","templated":true}]}}