{"id":234,"date":"2025-11-24T11:37:58","date_gmt":"2025-11-24T16:37:58","guid":{"rendered":"https:\/\/www.comppax.com\/?post_type=product&#038;p=234"},"modified":"2026-02-12T19:58:41","modified_gmt":"2026-02-13T00:58:41","slug":"producto-3","status":"publish","type":"product","link":"https:\/\/www.comppax.com\/es\/suministros-para-el-sector-petrolero-y-minero\/producto-3\/","title":{"rendered":"49-16-2777 &#8211; Mordaza de corte de cable EHS de 1\/2\u201d"},"content":{"rendered":"<p style=\"margin: 0in; font-family: Calibri; font-size: 11.0pt;\">La mordaza de corte de cable tirante EHS de 1\/2\u201d de Milwaukee\u00ae ofrece la soluci\u00f3n de distribuci\u00f3n de energ\u00eda el\u00e9ctrica completa. La mordaza abierta anti-extensi\u00f3n proporciona la potencia para cortar a trav\u00e9s del cable tirante EHS de 1\/2\u201d. Milwaukee cumple con su promesa de servicio pesado al hacer hasta 500 cortes en un solo conjunto de hojas. Usar con los cortadores de cable 6T 2672-21S o 2672-21, M18\u2122 FORCE LOGIC\u2122 o maximice su versatilidad al usarlo con las crimpadoras de 6 toneladas 2678-22, 2678-22BG, 2678-22O o 2678-22K M18\u2122 FORCE LOGIC\u2122.<\/p>\n","protected":false},"excerpt":{"rendered":"<p style=\"margin: 0in; font-family: Calibri; font-size: 11.0pt;\">Mordazas de corte de cable EHS de 1\/2\u201d<\/p>\n","protected":false},"featured_media":231,"comment_status":"open","ping_status":"closed","template":"","meta":{"_et_pb_use_builder":"","_et_pb_old_content":"","_et_gb_content_width":""},"product_brand":[],"product_cat":[23,24,26],"product_tag":[],"class_list":{"0":"post-234","1":"product","2":"type-product","3":"status-publish","4":"has-post-thumbnail","6":"product_cat-equipos-electricos-industriales","7":"product_cat-instrumentacion-y-control","8":"product_cat-suministros-para-el-sector-petrolero-y-minero","10":"first","11":"instock","12":"shipping-taxable","13":"purchasable","14":"product-type-simple"},"jetpack_sharing_enabled":true,"_links":{"self":[{"href":"https:\/\/www.comppax.com\/es\/wp-json\/wp\/v2\/product\/234","targetHints":{"allow":["GET"]}}],"collection":[{"href":"https:\/\/www.comppax.com\/es\/wp-json\/wp\/v2\/product"}],"about":[{"href":"https:\/\/www.comppax.com\/es\/wp-json\/wp\/v2\/types\/product"}],"replies":[{"embeddable":true,"href":"https:\/\/www.comppax.com\/es\/wp-json\/wp\/v2\/comments?post=234"}],"wp:featuredmedia":[{"embeddable":true,"href":"https:\/\/www.comppax.com\/es\/wp-json\/wp\/v2\/media\/231"}],"wp:attachment":[{"href":"https:\/\/www.comppax.com\/es\/wp-json\/wp\/v2\/media?parent=234"}],"wp:term":[{"taxonomy":"product_brand","embeddable":true,"href":"https:\/\/www.comppax.com\/es\/wp-json\/wp\/v2\/product_brand?post=234"},{"taxonomy":"product_cat","embeddable":true,"href":"https:\/\/www.comppax.com\/es\/wp-json\/wp\/v2\/product_cat?post=234"},{"taxonomy":"product_tag","embeddable":true,"href":"https:\/\/www.comppax.com\/es\/wp-json\/wp\/v2\/product_tag?post=234"}],"curies":[{"name":"wp","href":"https:\/\/api.w.org\/{rel}","templated":true}]}}