{"id":364,"date":"2025-12-23T11:39:38","date_gmt":"2025-12-23T16:39:38","guid":{"rendered":"https:\/\/www.comppax.com\/?post_type=product&#038;p=364"},"modified":"2026-02-12T19:36:05","modified_gmt":"2026-02-13T00:36:05","slug":"2779-22-m18tm-force-logictm-750-mcm-crimper","status":"publish","type":"product","link":"https:\/\/www.comppax.com\/es\/instrumentacion-y-control\/2779-22-m18tm-force-logictm-750-mcm-crimper\/","title":{"rendered":"2779-22 &#8211; M18TM FORCE LOGICTM 750 MCM Crimper"},"content":{"rendered":"<h1 class=\"text-BLACK font-helvetica83 text-18 leading-tight md:font-helvetica83 md:text-22 md:leading-tight\"><span class=\"\">M18TM FORCE LOGICTM 750 MCM Crimper<\/span><\/h1>\n<p><span class=\"\">El M18TM FORCE LOGICTM 750 MCM Crimper es el Camino m\u00e1s f\u00e1cil de engarzar, produciendo engarzados clasificados cULus de acuerdo con los est\u00e1ndares de clasificaci\u00f3n UL 486A-B para los conectores #8 &#8211; 750 MCM Cu y Dual Rated Anderson, Blackburn\u00ae Burndy, Ilsco, Panduit, Penn-Union y Thomas &amp; Betts. Los dies de estilo U EXACTTM 12T de Milwaukee\u00ae est\u00e1n dise\u00f1ados individualmente tanto para engarzados de calidad como para conexiones m\u00e1s r\u00e1pidas en todos los tama\u00f1os con longitudes de troquel espec\u00edficas para cada conector. Adem\u00e1s, cada matriz de estilo U EXACTTM 12T presenta colores est\u00e1ndar de la industria v\u00edvida para indicar el tama\u00f1o del alambre y las marcas de alineaci\u00f3n central para una selecci\u00f3n de troquel y una alineaci\u00f3n de troqueles m\u00e1s f\u00e1ciles. Todos los troqueles tambi\u00e9n eliminan la referencia cruzada al imprimir el tama\u00f1o del cable en los conectores completos y son los \u00fanicos troqueles que se serializan al 100% y se miden para obtener la mayor precisi\u00f3n y la inspecci\u00f3n m\u00e1s f\u00e1cil. Dise\u00f1ado para reducir el peso y mejorar el equilibrio, el M18 FORCE LOGICTM 750 MCM Crimper es el engarzador 12T m\u00e1s ligero y completamente equilibrado, con una cabeza giratoria de 350 \u030a y marcas de alineaci\u00f3n rojas que lo convierten en el engarzador m\u00e1s ligero, equilibrado y m\u00e1s f\u00e1cil de alinear. El Monitoreo de Fuerza Predictiva (PFMTM) mide constantemente la salida de fuerza para ofrecer una velocidad consistente que no se atasca en conectores m\u00e1s grandes mientras que ofrece una presi\u00f3n precisa, cada vez. La \u00fanica herramienta que proporciona verificaci\u00f3n instant\u00e1nea de presi\u00f3n con un indicador verde. La \u00fanica herramienta que tiene la comprobaci\u00f3n de la bater\u00eda previa al engarce que garantiza autom\u00e1ticamente la carga de la bater\u00eda suficiente para completar cada engarzado. La \u00fanica herramienta que una vez que se acopla un engarce, tiene autocompletado para garantizar que se alcance la presi\u00f3n total. Los Crimpers de Milwaukee\u00ae cuentan con una bomba hidr\u00e1ulica de alta velocidad totalmente cerrada, motor sin escobillas POWERSTATETM, electr\u00f3nica REDLINKTM y bater\u00edas REDLITHIUMTM que ofrecen una confiabilidad m\u00e1xima en condiciones dif\u00edciles.Con tecnolog\u00eda Milwaukee\u00ae ONE-KEYTM, los prensadores Milwaukee\u00ae le permiten almacenar datos de engarce en tiempo real, generar informes profesionales, ver datos hist\u00f3ricos de rendimiento de la herramienta y sincronizarlos de forma inal\u00e1mbrica a la nube para un f\u00e1cil acceso. Al igual que todas las herramientas de ONE KEYTM, el seguimiento de herramientas con caracter\u00edsticas Milwaukee\u00ae Crimpers le permite identificar las herramientas faltantes m\u00e1s r\u00e1pido y la gesti\u00f3n de inventario, lo que crea un lugar central para que pueda realizar un seguimiento de todas las herramientas y equipos en su red de trabajos y usuarios.<\/span><\/p>\n<p>&nbsp;<\/p>\n<div>\n<div class=\"flex w-full\">\n<div class=\"relative w-1\/3 text-12 text-gray-800 font-helvetica75 leading-none after:content-[''] after:block after:w-[300%] after:h-px after:bg-gray-400 after:left-0 after:top-1\/2 after:absolute after:z-1\"><span class=\"relative z-2 bg-brandWhite pr-1\">Sistema de bater\u00eda<\/span><\/div>\n<\/div>\n<div class=\"flex\" data-testid=\"specs-row\">\n<div class=\"inline-flex w-[160px] md:w-1\/3 even:bg-gray-50 py-4 px-2\" data-testid=\"specs-cell\">M18TM<\/div>\n<\/div>\n<\/div>\n<div>\n<div class=\"flex w-full\">\n<div class=\"relative w-1\/3 text-12 text-gray-800 font-helvetica75 leading-none after:content-[''] after:block after:w-[300%] after:h-px after:bg-gray-400 after:left-0 after:top-1\/2 after:absolute after:z-1\"><span class=\"relative z-2 bg-brandWhite pr-1\">Altura<\/span><\/div>\n<\/div>\n<div class=\"flex\" data-testid=\"specs-row\">\n<div class=\"inline-flex w-[160px] md:w-1\/3 even:bg-gray-50 py-4 px-2\" data-testid=\"specs-cell\">6.06 en<\/div>\n<\/div>\n<\/div>\n<div>\n<div class=\"flex w-full\">\n<div class=\"relative w-1\/3 text-12 text-gray-800 font-helvetica75 leading-none after:content-[''] after:block after:w-[300%] after:h-px after:bg-gray-400 after:left-0 after:top-1\/2 after:absolute after:z-1\"><span class=\"relative z-2 bg-brandWhite pr-1\">Longitud<\/span><\/div>\n<\/div>\n<div class=\"flex\" data-testid=\"specs-row\">\n<div class=\"inline-flex w-[160px] md:w-1\/3 even:bg-gray-50 py-4 px-2\" data-testid=\"specs-cell\">24.65 en<\/div>\n<\/div>\n<\/div>\n<div>\n<div class=\"flex w-full\">\n<div class=\"relative w-1\/3 text-12 text-gray-800 font-helvetica75 leading-none after:content-[''] after:block after:w-[300%] after:h-px after:bg-gray-400 after:left-0 after:top-1\/2 after:absolute after:z-1\"><span class=\"relative z-2 bg-brandWhite pr-1\">Ancho<\/span><\/div>\n<\/div>\n<div class=\"flex\" data-testid=\"specs-row\">\n<div class=\"inline-flex w-[160px] md:w-1\/3 even:bg-gray-50 py-4 px-2\" data-testid=\"specs-cell\">18.54 en<\/div>\n<\/div>\n<\/div>\n<div>\n<div class=\"flex w-full\">\n<div class=\"relative w-1\/3 text-12 text-gray-800 font-helvetica75 leading-none after:content-[''] after:block after:w-[300%] after:h-px after:bg-gray-400 after:left-0 after:top-1\/2 after:absolute after:z-1\"><span class=\"relative z-2 bg-brandWhite pr-1\">Motor sin escobillas<\/span><\/div>\n<\/div>\n<div class=\"flex\" data-testid=\"specs-row\">\n<div class=\"inline-flex w-[160px] md:w-1\/3 even:bg-gray-50 py-4 px-2\" data-testid=\"specs-cell\">\u00bfS\u00ed<\/div>\n<\/div>\n<\/div>\n<div>\n<div class=\"flex w-full\">\n<div class=\"relative w-1\/3 text-12 text-gray-800 font-helvetica75 leading-none after:content-[''] after:block after:w-[300%] after:h-px after:bg-gray-400 after:left-0 after:top-1\/2 after:absolute after:z-1\"><span class=\"relative z-2 bg-brandWhite pr-1\">Color<\/span><\/div>\n<\/div>\n<div class=\"flex\" data-testid=\"specs-row\">\n<div class=\"inline-flex w-[160px] md:w-1\/3 even:bg-gray-50 py-4 px-2\" data-testid=\"specs-cell\">Negro, rojo<\/div>\n<\/div>\n<\/div>\n<div>\n<div class=\"flex w-full\">\n<div class=\"relative w-1\/3 text-12 text-gray-800 font-helvetica75 leading-none after:content-[''] after:block after:w-[300%] after:h-px after:bg-gray-400 after:left-0 after:top-1\/2 after:absolute after:z-1\"><span class=\"relative z-2 bg-brandWhite pr-1\">FUELTM<\/span><\/div>\n<\/div>\n<div class=\"flex\" data-testid=\"specs-row\">\n<div class=\"inline-flex w-[160px] md:w-1\/3 even:bg-gray-50 py-4 px-2\" data-testid=\"specs-cell\">No<\/div>\n<\/div>\n<\/div>\n<div>\n<div class=\"flex w-full\">\n<div class=\"relative w-1\/3 text-12 text-gray-800 font-helvetica75 leading-none after:content-[''] after:block after:w-[300%] after:h-px after:bg-gray-400 after:left-0 after:top-1\/2 after:absolute after:z-1\"><span class=\"relative z-2 bg-brandWhite pr-1\">Tipo de motor<\/span><\/div>\n<\/div>\n<div class=\"flex\" data-testid=\"specs-row\">\n<div class=\"inline-flex w-[160px] md:w-1\/3 even:bg-gray-50 py-4 px-2\" data-testid=\"specs-cell\">Sin escobillas<\/div>\n<\/div>\n<\/div>\n<div>\n<div class=\"flex w-full\">\n<div class=\"relative w-1\/3 text-12 text-gray-800 font-helvetica75 leading-none after:content-[''] after:block after:w-[300%] after:h-px after:bg-gray-400 after:left-0 after:top-1\/2 after:absolute after:z-1\"><span class=\"relative z-2 bg-brandWhite pr-1\">Peso<\/span><\/div>\n<\/div>\n<div class=\"flex\" data-testid=\"specs-row\">\n<div class=\"inline-flex w-[160px] md:w-1\/3 even:bg-gray-50 py-4 px-2\" data-testid=\"specs-cell\">26.2 lb<\/div>\n<\/div>\n<\/div>\n<div>\n<div class=\"flex w-full\">\n<div class=\"relative w-1\/3 text-12 text-gray-800 font-helvetica75 leading-none after:content-[''] after:block after:w-[300%] after:h-px after:bg-gray-400 after:left-0 after:top-1\/2 after:absolute after:z-1\"><span class=\"relative z-2 bg-brandWhite pr-1\">N\u00famero de Bater\u00edas Incluidas<\/span><\/div>\n<\/div>\n<div class=\"flex\" data-testid=\"specs-row\">\n<div class=\"inline-flex w-[160px] md:w-1\/3 even:bg-gray-50 py-4 px-2\" data-testid=\"specs-cell\">2<\/div>\n<\/div>\n<\/div>\n<div>\n<div class=\"flex w-full\">\n<div class=\"relative w-1\/3 text-12 text-gray-800 font-helvetica75 leading-none after:content-[''] after:block after:w-[300%] after:h-px after:bg-gray-400 after:left-0 after:top-1\/2 after:absolute after:z-1\"><span class=\"relative z-2 bg-brandWhite pr-1\">N\u00famero de pilas requeridas<\/span><\/div>\n<\/div>\n<div class=\"flex\" data-testid=\"specs-row\">\n<div class=\"inline-flex w-[160px] md:w-1\/3 even:bg-gray-50 py-4 px-2\" data-testid=\"specs-cell\">1<\/div>\n<\/div>\n<\/div>\n<div>\n<div class=\"flex w-full\">\n<div class=\"relative w-1\/3 text-12 text-gray-800 font-helvetica75 leading-none after:content-[''] after:block after:w-[300%] after:h-px after:bg-gray-400 after:left-0 after:top-1\/2 after:absolute after:z-1\"><span class=\"relative z-2 bg-brandWhite pr-1\">N\u00famero de piezas incluidas<\/span><\/div>\n<\/div>\n<div class=\"flex\" data-testid=\"specs-row\">\n<div class=\"inline-flex w-[160px] md:w-1\/3 even:bg-gray-50 py-4 px-2\" data-testid=\"specs-cell\">1<\/div>\n<\/div>\n<\/div>\n<div>\n<div class=\"flex w-full\">\n<div class=\"relative w-1\/3 text-12 text-gray-800 font-helvetica75 leading-none after:content-[''] after:block after:w-[300%] after:h-px after:bg-gray-400 after:left-0 after:top-1\/2 after:absolute after:z-1\"><span class=\"relative z-2 bg-brandWhite pr-1\">ONE-KEYTM Habilitado<\/span><\/div>\n<\/div>\n<div class=\"flex\" data-testid=\"specs-row\">\n<div class=\"inline-flex w-[160px] md:w-1\/3 even:bg-gray-50 py-4 px-2\" data-testid=\"specs-cell\">\u00bfS\u00ed<\/div>\n<\/div>\n<\/div>\n<div>\n<div class=\"flex w-full\">\n<div class=\"relative w-1\/3 text-12 text-gray-800 font-helvetica75 leading-none after:content-[''] after:block after:w-[300%] after:h-px after:bg-gray-400 after:left-0 after:top-1\/2 after:absolute after:z-1\"><span class=\"relative z-2 bg-brandWhite pr-1\">Velocidad Variable<\/span><\/div>\n<\/div>\n<div class=\"flex\" data-testid=\"specs-row\">\n<div class=\"inline-flex w-[160px] md:w-1\/3 even:bg-gray-50 py-4 px-2\" data-testid=\"specs-cell\">No<\/div>\n<\/div>\n<\/div>\n<div>\n<div class=\"flex w-full\">\n<div class=\"relative w-1\/3 text-12 text-gray-800 font-helvetica75 leading-none after:content-[''] after:block after:w-[300%] after:h-px after:bg-gray-400 after:left-0 after:top-1\/2 after:absolute after:z-1\"><span class=\"relative z-2 bg-brandWhite pr-1\">Garant\u00eda<\/span><\/div>\n<\/div>\n<div class=\"flex\" data-testid=\"specs-row\">\n<div class=\"inline-flex w-[160px] md:w-1\/3 even:bg-gray-50 py-4 px-2\" data-testid=\"specs-cell\">Herramienta de 5 a\u00f1os, bater\u00eda de 3 a\u00f1os XC, bater\u00eda de 2 a\u00f1os CP<\/div>\n<\/div>\n<\/div>\n<div>\n<div class=\"flex w-full\">\n<div class=\"relative w-1\/3 text-12 text-gray-800 font-helvetica75 leading-none after:content-[''] after:block after:w-[300%] after:h-px after:bg-gray-400 after:left-0 after:top-1\/2 after:absolute after:z-1\"><span class=\"relative z-2 bg-brandWhite pr-1\">Peso Excluyendo la bater\u00eda<\/span><\/div>\n<\/div>\n<div class=\"flex\" data-testid=\"specs-row\">\n<div class=\"inline-flex w-[160px] md:w-1\/3 even:bg-gray-50 py-4 px-2\" data-testid=\"specs-cell\">11,5 lb<\/div>\n<\/div>\n<\/div>\n","protected":false},"excerpt":{"rendered":"<h1 class=\"text-BLACK font-helvetica83 text-18 leading-tight md:font-helvetica83 md:text-22 md:leading-tight\"><span class=\"\">M18TM FORCE LOGICTM 750 MCM Crimper<\/span><\/h1>\n","protected":false},"featured_media":374,"comment_status":"open","ping_status":"closed","template":"","meta":{"_et_pb_use_builder":"","_et_pb_old_content":"","_et_gb_content_width":""},"product_brand":[],"product_cat":[22,23,24],"product_tag":[],"class_list":{"0":"post-364","1":"product","2":"type-product","3":"status-publish","4":"has-post-thumbnail","6":"product_cat-sin-categorizar","7":"product_cat-equipos-electricos-industriales","8":"product_cat-instrumentacion-y-control","10":"first","11":"instock","12":"sold-individually","13":"shipping-taxable","14":"purchasable","15":"product-type-simple"},"jetpack_sharing_enabled":true,"_links":{"self":[{"href":"https:\/\/www.comppax.com\/es\/wp-json\/wp\/v2\/product\/364","targetHints":{"allow":["GET"]}}],"collection":[{"href":"https:\/\/www.comppax.com\/es\/wp-json\/wp\/v2\/product"}],"about":[{"href":"https:\/\/www.comppax.com\/es\/wp-json\/wp\/v2\/types\/product"}],"replies":[{"embeddable":true,"href":"https:\/\/www.comppax.com\/es\/wp-json\/wp\/v2\/comments?post=364"}],"wp:featuredmedia":[{"embeddable":true,"href":"https:\/\/www.comppax.com\/es\/wp-json\/wp\/v2\/media\/374"}],"wp:attachment":[{"href":"https:\/\/www.comppax.com\/es\/wp-json\/wp\/v2\/media?parent=364"}],"wp:term":[{"taxonomy":"product_brand","embeddable":true,"href":"https:\/\/www.comppax.com\/es\/wp-json\/wp\/v2\/product_brand?post=364"},{"taxonomy":"product_cat","embeddable":true,"href":"https:\/\/www.comppax.com\/es\/wp-json\/wp\/v2\/product_cat?post=364"},{"taxonomy":"product_tag","embeddable":true,"href":"https:\/\/www.comppax.com\/es\/wp-json\/wp\/v2\/product_tag?post=364"}],"curies":[{"name":"wp","href":"https:\/\/api.w.org\/{rel}","templated":true}]}}