{"id":370,"date":"2025-12-23T16:11:05","date_gmt":"2025-12-23T21:11:05","guid":{"rendered":"https:\/\/www.comppax.com\/?post_type=product&#038;p=370"},"modified":"2026-02-12T19:29:42","modified_gmt":"2026-02-13T00:29:42","slug":"2765-20-taladro-de-impacto-de-utilidad-hexagonal-m18-fueltm-7-16-solo-herramienta","status":"publish","type":"product","link":"https:\/\/www.comppax.com\/es\/ferreteria\/2765-20-taladro-de-impacto-de-utilidad-hexagonal-m18-fueltm-7-16-solo-herramienta\/","title":{"rendered":"Llave de impacto hexagonal M18 de 7\/16&#8243; 2765-20 (solo herramienta)"},"content":{"rendered":"<h1 class=\"text-BLACK font-helvetica83 text-18 leading-tight md:font-helvetica83 md:text-22 md:leading-tight\">Llave de impacto hexagonal M18 de 7\/16&#8243; 2765-20 (solo herramienta)<\/h1>\n<p>&nbsp;<\/p>\n<p>La llave de impacto inal\u00e1mbrica multiusos m\u00e1s potente de su clase. El atornillador de impacto hexagonal multiusos M18 FUEL\u2122 de 7\/16&#8243; ofrece hasta 500 ft-lb de par de apriete m\u00e1ximo, hasta el doble de autonom\u00eda y hasta tres veces m\u00e1s vida \u00fatil del motor. El motor sin escobillas POWERSTATE\u2122 supera a la competencia con una potencia constante, y el mecanismo de impacto dise\u00f1ado por Milwaukee\u00ae proporciona hasta 500 ft-lb de par de apriete m\u00e1ximo. La bater\u00eda REDLITHIUM\u2122 XC5.0 de capacidad extendida (no incluida) ofrece m\u00e1s uso por carga y durante su vida \u00fatil que otras bater\u00edas del mercado. Incluye un indicador de carga integrado que permite controlar con precisi\u00f3n la carga restante, lo que reduce el tiempo de inactividad en el lugar de trabajo. La inteligencia REDLINK PLUS\u2122 permite al operador elegir entre dos modos de apriete con la funci\u00f3n exclusiva DRIVE CONTROL\u2122 de Milwaukee y garantiza el m\u00e1ximo rendimiento y protecci\u00f3n contra sobrecarga, sobrecalentamiento y sobredescarga. El atornillador de impacto hexagonal multiusos FUEL\u2122 de 7\/16&#8243; con bater\u00eda de iones de litio de 18 voltios proporciona un apriete r\u00e1pido y seguro. Inserci\u00f3n y extracci\u00f3n de brocas barrena de 7\/16&#8243; y adaptadores de cubo.<\/p>\n","protected":false},"excerpt":{"rendered":"<h1 class=\"text-BLACK font-helvetica83 text-18 leading-tight md:font-helvetica83 md:text-22 md:leading-tight\">Llave de impacto hexagonal M18 de 7\/16&#8243; 2765-20 (solo herramienta)<\/h1>\n","protected":false},"featured_media":371,"comment_status":"open","ping_status":"closed","template":"","meta":{"_et_pb_use_builder":"","_et_pb_old_content":"","_et_gb_content_width":""},"product_brand":[],"product_cat":[22,23,85,26],"product_tag":[],"class_list":{"0":"post-370","1":"product","2":"type-product","3":"status-publish","4":"has-post-thumbnail","6":"product_cat-sin-categorizar","7":"product_cat-equipos-electricos-industriales","8":"product_cat-ferreteria","9":"product_cat-suministros-para-el-sector-petrolero-y-minero","11":"first","12":"instock","13":"sold-individually","14":"shipping-taxable","15":"purchasable","16":"product-type-simple"},"jetpack_sharing_enabled":true,"_links":{"self":[{"href":"https:\/\/www.comppax.com\/es\/wp-json\/wp\/v2\/product\/370","targetHints":{"allow":["GET"]}}],"collection":[{"href":"https:\/\/www.comppax.com\/es\/wp-json\/wp\/v2\/product"}],"about":[{"href":"https:\/\/www.comppax.com\/es\/wp-json\/wp\/v2\/types\/product"}],"replies":[{"embeddable":true,"href":"https:\/\/www.comppax.com\/es\/wp-json\/wp\/v2\/comments?post=370"}],"wp:featuredmedia":[{"embeddable":true,"href":"https:\/\/www.comppax.com\/es\/wp-json\/wp\/v2\/media\/371"}],"wp:attachment":[{"href":"https:\/\/www.comppax.com\/es\/wp-json\/wp\/v2\/media?parent=370"}],"wp:term":[{"taxonomy":"product_brand","embeddable":true,"href":"https:\/\/www.comppax.com\/es\/wp-json\/wp\/v2\/product_brand?post=370"},{"taxonomy":"product_cat","embeddable":true,"href":"https:\/\/www.comppax.com\/es\/wp-json\/wp\/v2\/product_cat?post=370"},{"taxonomy":"product_tag","embeddable":true,"href":"https:\/\/www.comppax.com\/es\/wp-json\/wp\/v2\/product_tag?post=370"}],"curies":[{"name":"wp","href":"https:\/\/api.w.org\/{rel}","templated":true}]}}