{"id":381,"date":"2025-12-23T18:30:58","date_gmt":"2025-12-23T23:30:58","guid":{"rendered":"https:\/\/www.comppax.com\/?post_type=product&#038;p=381"},"modified":"2026-02-12T19:21:35","modified_gmt":"2026-02-13T00:21:35","slug":"48-11-1850-juego-de-baterias-m18-redlithium-xc5-0-con-capacidad-extendida","status":"publish","type":"product","link":"https:\/\/www.comppax.com\/es\/ferreteria\/48-11-1850-juego-de-baterias-m18-redlithium-xc5-0-con-capacidad-extendida\/","title":{"rendered":"48-11-1850 Juego de bater\u00edas M18\u2122 REDLITHIUM\u2122 XC5.0 con capacidad extendida"},"content":{"rendered":"<p>48-11-1850 Juego de bater\u00edas M18\u2122 REDLITHIUM\u2122 XC5.0 con capacidad extendida<\/p>\n<p><span class=\"\">Nuestra bater\u00eda M18\u2122 REDLITHIUM\u2122 XC5.0 ofrece hasta 2.5 veces m\u00e1s tiempo de operaci\u00f3n, 20\u00a0% m\u00e1s potencia y el doble de vida \u00fatil que las bater\u00edas est\u00e1ndar de iones de litio. Las bater\u00edas de iones de litio cuentan con una construcci\u00f3n, componentes electr\u00f3nicos y un rendimiento superiores, lo que brinda m\u00e1s uso por carga y durante la vida \u00fatil de la bater\u00eda en relaci\u00f3n a otras bater\u00edas del mercado. La bater\u00eda recargable le ofrece 5.0\u00a0amp-hora de tiempo de operaci\u00f3n. Cada juego de bater\u00eda est\u00e1 hecho de manera duradera para el uso de alta exigencia, funciona m\u00e1s fr\u00edo y opera en climas bajo 0\u00a0\u00b0F\/-18\u00a0\u00b0C. Esta protecci\u00f3n desv\u00eda el agua de los componentes electr\u00f3nicos y fuera del juego de la bater\u00eda, prolonga el tiempo de operaci\u00f3n de la bater\u00eda y la vida \u00fatil, ya que reduce al m\u00ednimo el calor, y evita las fallas del juego provocadas por vibraciones o ca\u00eddas. El sistema de inteligencia REDLINK\u2122 integrado protege la bater\u00eda de sobrecarga para evitar que da\u00f1e sus herramientas el\u00e9ctricas inal\u00e1mbricas en situaciones de alta exigencia, mientras que la protecci\u00f3n de descarga impide el da\u00f1o de las celdas. El sistema de control de temperatura integrado y el monitoreo de celdas individuales permiten optimizar la vida \u00fatil de la bater\u00eda. Cambie a nuestro juego de bater\u00edas REDLITHIUM\u2122 XC5.0 para aumentar instant\u00e1neamente el tiempo de operaci\u00f3n y la durabilidad de sus herramientas inal\u00e1mbricas M18\u2122 de Milwaukee. <\/span><\/p>\n","protected":false},"excerpt":{"rendered":"<p>48-11-1850 Juego de bater\u00edas M18\u2122 REDLITHIUM\u2122 XC5.0 con capacidad extendida<\/p>\n","protected":false},"featured_media":383,"comment_status":"open","ping_status":"closed","template":"","meta":{"_et_pb_use_builder":"","_et_pb_old_content":"","_et_gb_content_width":""},"product_brand":[],"product_cat":[23,85,24,26],"product_tag":[],"class_list":{"0":"post-381","1":"product","2":"type-product","3":"status-publish","4":"has-post-thumbnail","6":"product_cat-equipos-electricos-industriales","7":"product_cat-ferreteria","8":"product_cat-instrumentacion-y-control","9":"product_cat-suministros-para-el-sector-petrolero-y-minero","11":"first","12":"instock","13":"shipping-taxable","14":"purchasable","15":"product-type-simple"},"jetpack_sharing_enabled":true,"_links":{"self":[{"href":"https:\/\/www.comppax.com\/es\/wp-json\/wp\/v2\/product\/381","targetHints":{"allow":["GET"]}}],"collection":[{"href":"https:\/\/www.comppax.com\/es\/wp-json\/wp\/v2\/product"}],"about":[{"href":"https:\/\/www.comppax.com\/es\/wp-json\/wp\/v2\/types\/product"}],"replies":[{"embeddable":true,"href":"https:\/\/www.comppax.com\/es\/wp-json\/wp\/v2\/comments?post=381"}],"wp:featuredmedia":[{"embeddable":true,"href":"https:\/\/www.comppax.com\/es\/wp-json\/wp\/v2\/media\/383"}],"wp:attachment":[{"href":"https:\/\/www.comppax.com\/es\/wp-json\/wp\/v2\/media?parent=381"}],"wp:term":[{"taxonomy":"product_brand","embeddable":true,"href":"https:\/\/www.comppax.com\/es\/wp-json\/wp\/v2\/product_brand?post=381"},{"taxonomy":"product_cat","embeddable":true,"href":"https:\/\/www.comppax.com\/es\/wp-json\/wp\/v2\/product_cat?post=381"},{"taxonomy":"product_tag","embeddable":true,"href":"https:\/\/www.comppax.com\/es\/wp-json\/wp\/v2\/product_tag?post=381"}],"curies":[{"name":"wp","href":"https:\/\/api.w.org\/{rel}","templated":true}]}}