{"id":387,"date":"2025-12-24T08:37:29","date_gmt":"2025-12-24T13:37:29","guid":{"rendered":"https:\/\/www.comppax.com\/?post_type=product&#038;p=387"},"modified":"2026-02-12T19:19:06","modified_gmt":"2026-02-13T00:19:06","slug":"2867-20-llave-de-impacto-de-alto-torque-m18-fuel-de-1-con-one-key","status":"publish","type":"product","link":"https:\/\/www.comppax.com\/es\/suministros-para-el-sector-petrolero-y-minero\/2867-20-llave-de-impacto-de-alto-torque-m18-fuel-de-1-con-one-key\/","title":{"rendered":"2867-20 Llave de impacto de alto torque M18 FUEL\u2122 de 1&#8243; con ONE-KEY\u2122"},"content":{"rendered":"<p>2867-20 Llave de impacto de alto torque M18 FUEL\u2122 de 1&#8243; con ONE-KEY\u2122<\/p>\n<p><span class=\"\">Nuestra llave de impacto de alto torque M18 FUEL\u2122 de 1&#8243; con ONE-KEY\u2122 es la primera llave de impacto de alto torque inal\u00e1mbrica de 1&#8243; en el mundo. El motor sin escobillas POWERSTATE\u2122\u00a0ofrece hasta 1,800\u00a0pies-lb de torque de arranque y 1,500\u00a0pies-lb de torque de apriete, lo que la convierte en la llave de impacto inal\u00e1mbrica m\u00e1s potente y le permite completar las aplicaciones m\u00e1s exigentes. Con solo 12.9\u00a0lb con bater\u00eda, la herramienta es hasta 7\u00a0lb m\u00e1s liviana que las unidades con cable, lo que le produce menos fatiga mientras realiza aplicaciones elevadas y hace que estas sean m\u00e1s f\u00e1ciles de completar en el lugar de trabajo. La llave de impacto con bater\u00eda le proporciona la comodidad de las herramientas inal\u00e1mbricas y elimina la necesidad de compresores, generadores, cables y mangueras. Esto reduce el costo de propiedad ya que reduce los costos de energ\u00eda y elimina el mantenimiento de rutina en compresores y generadores. Sin cables ni manguera, tiene mayor portabilidad y la capacidad de completar aplicaciones que no pod\u00eda realizar con una unidad neum\u00e1tica o con cable. La inteligencia REDLINK PLUS\u2122 le asegura que alcanzar\u00e1 el m\u00e1ximo de rendimiento y protege su llave de impacto de alto torque contra sobrecargas, sobrecalentamientos y descargas excesivas. Las bater\u00edas M18\u2122 REDLITHIUM\u2122 son compatibles con todas las herramientas M18\u2122, lo que le proporciona m\u00e1s uso por carga y durante la vida \u00fatil de la bater\u00eda. El control de impulsi\u00f3n DRIVE CONTROL\u2122 de 4 modalidades le proporciona mayor control sobre la velocidad de salida y la potencia de la potente llave de impacto de alto torque. Las capacidades de ONE-KEY\u2122 le proporcionan la capacidad para personalizar, rastrear y administrar la llave de impacto. La tecnolog\u00eda ONE-KEY\u2122 tambi\u00e9n le brinda la capacidad de establecer una salida de torque repetitiva para un m\u00e1ximo control. <\/span><\/p>\n","protected":false},"excerpt":{"rendered":"<p>2867-20 Llave de impacto de alto torque M18 FUEL\u2122 de 1&#8243; con ONE-KEY\u2122<\/p>\n","protected":false},"featured_media":388,"comment_status":"open","ping_status":"closed","template":"","meta":{"_et_pb_use_builder":"","_et_pb_old_content":"","_et_gb_content_width":""},"product_brand":[],"product_cat":[23,26],"product_tag":[],"class_list":{"0":"post-387","1":"product","2":"type-product","3":"status-publish","4":"has-post-thumbnail","6":"product_cat-equipos-electricos-industriales","7":"product_cat-suministros-para-el-sector-petrolero-y-minero","9":"first","10":"instock","11":"shipping-taxable","12":"purchasable","13":"product-type-simple"},"jetpack_sharing_enabled":true,"_links":{"self":[{"href":"https:\/\/www.comppax.com\/es\/wp-json\/wp\/v2\/product\/387","targetHints":{"allow":["GET"]}}],"collection":[{"href":"https:\/\/www.comppax.com\/es\/wp-json\/wp\/v2\/product"}],"about":[{"href":"https:\/\/www.comppax.com\/es\/wp-json\/wp\/v2\/types\/product"}],"replies":[{"embeddable":true,"href":"https:\/\/www.comppax.com\/es\/wp-json\/wp\/v2\/comments?post=387"}],"wp:featuredmedia":[{"embeddable":true,"href":"https:\/\/www.comppax.com\/es\/wp-json\/wp\/v2\/media\/388"}],"wp:attachment":[{"href":"https:\/\/www.comppax.com\/es\/wp-json\/wp\/v2\/media?parent=387"}],"wp:term":[{"taxonomy":"product_brand","embeddable":true,"href":"https:\/\/www.comppax.com\/es\/wp-json\/wp\/v2\/product_brand?post=387"},{"taxonomy":"product_cat","embeddable":true,"href":"https:\/\/www.comppax.com\/es\/wp-json\/wp\/v2\/product_cat?post=387"},{"taxonomy":"product_tag","embeddable":true,"href":"https:\/\/www.comppax.com\/es\/wp-json\/wp\/v2\/product_tag?post=387"}],"curies":[{"name":"wp","href":"https:\/\/api.w.org\/{rel}","templated":true}]}}