{"id":389,"date":"2025-12-24T08:41:30","date_gmt":"2025-12-24T13:41:30","guid":{"rendered":"https:\/\/www.comppax.com\/?post_type=product&#038;p=389"},"modified":"2026-02-12T19:18:37","modified_gmt":"2026-02-13T00:18:37","slug":"2868-20-llave-de-impacto-de-alto-torque-con-mango-en-d-m18-fuel-de-1-con-one-key","status":"publish","type":"product","link":"https:\/\/www.comppax.com\/es\/suministros-para-el-sector-petrolero-y-minero\/2868-20-llave-de-impacto-de-alto-torque-con-mango-en-d-m18-fuel-de-1-con-one-key\/","title":{"rendered":"2868-20 Llave de impacto de alto torque con mango en D M18 FUEL\u2122 de 1&#8243; con ONE-KEY\u2122"},"content":{"rendered":"<p>2868-20 Llave de impacto de alto torque con mango en D M18 FUEL\u2122 de 1&#8243; con ONE-KEY\u2122<\/p>\n<p><span class=\"\">Nuestra llave de impacto de alto torque con mango en D M18 FUEL\u2122 de 1&#8243; con ONE-KEY\u2122 es la primera llave de impacto de alto torque inal\u00e1mbrica con mango en D de 1&#8243; en el mundo. El motor sin escobillas POWERSTATE\u2122\u00a0ofrece hasta 2,000\u00a0pies-lb de torque de arranque y 1,900\u00a0pies-lb de torque de fijaci\u00f3n, lo que la convierte en la llave de impacto inal\u00e1mbrica m\u00e1s potente y le permite realizar las aplicaciones m\u00e1s exigentes. Con el tiempo de operaci\u00f3n para instalar hasta 200\u00a0pernos de 1-1\/4&#8243; con una sola bater\u00eda HD12.0AH HIGH OUTPUT\u2122, esta llave de impacto port\u00e1til proporciona un rendimiento sin igual. La llave de impacto con bater\u00eda le proporciona la comodidad de las herramientas inal\u00e1mbricas y elimina la necesidad de compresores, generadores, cables y mangueras. Sin la necesidad de un compresor o manguera, tiene mayor productividad y portabilidad para realizar aplicaciones a las que no se puede acceder con una unidad neum\u00e1tica. Esto reduce el costo de propiedad ya que reduce los costos de energ\u00eda y elimina el mantenimiento de rutina en compresores y generadores. La inteligencia REDLINK PLUS\u2122 le asegura que alcanzar\u00e1 el m\u00e1ximo de rendimiento y protege la llave de impacto de alto torque contra sobrecargas, sobrecalentamientos y descargas excesivas. Las bater\u00edas M18\u2122 REDLITHIUM\u2122 son compatibles con todas las herramientas M18\u2122, lo que le proporciona a esta llave de impacto inal\u00e1mbrica de alto torque m\u00e1s uso por carga y durante la vida \u00fatil de la bater\u00eda. Un sistema patentado de aislamiento de bater\u00eda administra las vibraciones de alta frecuencia, lo que permite un movimiento de la bater\u00eda que evita da\u00f1os y asegura una conexi\u00f3n constante entre la bater\u00eda y la herramienta cuando est\u00e1 en uso. El control de impulsi\u00f3n DRIVE CONTROL\u2122 de 4 modalidades le proporciona mayor control sobre la velocidad de salida y la potencia de la llave de impacto de alto torque de MILWAUKEE\u00ae. La tecnolog\u00eda ONE-KEY\u2122 le permite personalizar, realizar seguimiento y administrar la llave de impacto con la capacidad de establecer una salida de torque repetitiva para un m\u00e1ximo control.<\/span><\/p>\n<p>&nbsp;<\/p>\n","protected":false},"excerpt":{"rendered":"<p>2868-20 Llave de impacto de alto torque con mango en D M18 FUEL\u2122 de 1&#8243; con ONE-KEY\u2122<\/p>\n","protected":false},"featured_media":390,"comment_status":"open","ping_status":"closed","template":"","meta":{"_et_pb_use_builder":"","_et_pb_old_content":"","_et_gb_content_width":""},"product_brand":[],"product_cat":[22,23,26],"product_tag":[],"class_list":{"0":"post-389","1":"product","2":"type-product","3":"status-publish","4":"has-post-thumbnail","6":"product_cat-sin-categorizar","7":"product_cat-equipos-electricos-industriales","8":"product_cat-suministros-para-el-sector-petrolero-y-minero","10":"first","11":"instock","12":"sold-individually","13":"shipping-taxable","14":"purchasable","15":"product-type-simple"},"jetpack_sharing_enabled":true,"_links":{"self":[{"href":"https:\/\/www.comppax.com\/es\/wp-json\/wp\/v2\/product\/389","targetHints":{"allow":["GET"]}}],"collection":[{"href":"https:\/\/www.comppax.com\/es\/wp-json\/wp\/v2\/product"}],"about":[{"href":"https:\/\/www.comppax.com\/es\/wp-json\/wp\/v2\/types\/product"}],"replies":[{"embeddable":true,"href":"https:\/\/www.comppax.com\/es\/wp-json\/wp\/v2\/comments?post=389"}],"wp:featuredmedia":[{"embeddable":true,"href":"https:\/\/www.comppax.com\/es\/wp-json\/wp\/v2\/media\/390"}],"wp:attachment":[{"href":"https:\/\/www.comppax.com\/es\/wp-json\/wp\/v2\/media?parent=389"}],"wp:term":[{"taxonomy":"product_brand","embeddable":true,"href":"https:\/\/www.comppax.com\/es\/wp-json\/wp\/v2\/product_brand?post=389"},{"taxonomy":"product_cat","embeddable":true,"href":"https:\/\/www.comppax.com\/es\/wp-json\/wp\/v2\/product_cat?post=389"},{"taxonomy":"product_tag","embeddable":true,"href":"https:\/\/www.comppax.com\/es\/wp-json\/wp\/v2\/product_tag?post=389"}],"curies":[{"name":"wp","href":"https:\/\/api.w.org\/{rel}","templated":true}]}}