{"id":391,"date":"2025-12-24T08:57:40","date_gmt":"2025-12-24T13:57:40","guid":{"rendered":"https:\/\/www.comppax.com\/?post_type=product&#038;p=391"},"modified":"2026-02-12T19:16:50","modified_gmt":"2026-02-13T00:16:50","slug":"2990-21hd-kit-de-sierra-tronzadora-abrasiva-de-14-m18-fuel","status":"publish","type":"product","link":"https:\/\/www.comppax.com\/es\/ferreteria\/2990-21hd-kit-de-sierra-tronzadora-abrasiva-de-14-m18-fuel\/","title":{"rendered":"2990-21HD Kit de sierra tronzadora abrasiva de 14&#8243; M18 FUEL\u2122"},"content":{"rendered":"<p>2990-21HD Kit de sierra tronzadora abrasiva de 14&#8243; M18 FUEL\u2122<\/p>\n<p><span class=\"\">Nuestro kit de sierra tronzadora abrasiva de 14&#8243; M18 FUEL\u2122 le ofrece una soluci\u00f3n port\u00e1til a la vez que genera la misma potencia que una sierra tronzadora al\u00e1mbrica de 15\u00a0A. La sierra tronzadora abrasiva de 14&#8243; M18 FUEL\u2122 de MILWAUKEE\u00ae utiliza un motor sin escobillas POWERSTATE\u2122, lo que entrega 4,000\u00a0RPM para una potencia y una velocidad de corte uniformes. La inteligencia REDLINK PLUS\u2122 asegura un rendimiento m\u00e1ximo y protecci\u00f3n contra sobrecarga, sobrecalentamiento y descarga excesiva. Cuando se combina con la bater\u00eda M18 REDLITHIUM\u2122 HIGH OUTPUT\u2122 HD12.0, la sierra tronzadora inal\u00e1mbrica ofrece hasta 200 cortes por carga en el esp\u00e1rrago de acero de 3-5\/8&#8243;, calibre 20. El freno de las hojas RAPID STOP\u2122 detiene la hoja despu\u00e9s de 3 segundos de liberar el gatillo. Esta sierra tronzadora port\u00e1til ofrece un cambio de hoja y un ajuste de gu\u00edas sin necesidad de herramientas, lo que hace que los cambios de hojas y los movimientos de la gu\u00eda sean un proceso sin inconvenientes. Una luz indicadora de sobrecarga le ense\u00f1a la velocidad \u00f3ptima de corte.<\/span><\/p>\n","protected":false},"excerpt":{"rendered":"<p>2990-21HD Kit de sierra tronzadora abrasiva de 14&#8243; M18 FUEL\u2122<\/p>\n","protected":false},"featured_media":392,"comment_status":"open","ping_status":"closed","template":"","meta":{"_et_pb_use_builder":"","_et_pb_old_content":"","_et_gb_content_width":""},"product_brand":[],"product_cat":[23,85,26],"product_tag":[],"class_list":{"0":"post-391","1":"product","2":"type-product","3":"status-publish","4":"has-post-thumbnail","6":"product_cat-equipos-electricos-industriales","7":"product_cat-ferreteria","8":"product_cat-suministros-para-el-sector-petrolero-y-minero","10":"first","11":"instock","12":"sold-individually","13":"shipping-taxable","14":"purchasable","15":"product-type-simple"},"jetpack_sharing_enabled":true,"_links":{"self":[{"href":"https:\/\/www.comppax.com\/es\/wp-json\/wp\/v2\/product\/391","targetHints":{"allow":["GET"]}}],"collection":[{"href":"https:\/\/www.comppax.com\/es\/wp-json\/wp\/v2\/product"}],"about":[{"href":"https:\/\/www.comppax.com\/es\/wp-json\/wp\/v2\/types\/product"}],"replies":[{"embeddable":true,"href":"https:\/\/www.comppax.com\/es\/wp-json\/wp\/v2\/comments?post=391"}],"wp:featuredmedia":[{"embeddable":true,"href":"https:\/\/www.comppax.com\/es\/wp-json\/wp\/v2\/media\/392"}],"wp:attachment":[{"href":"https:\/\/www.comppax.com\/es\/wp-json\/wp\/v2\/media?parent=391"}],"wp:term":[{"taxonomy":"product_brand","embeddable":true,"href":"https:\/\/www.comppax.com\/es\/wp-json\/wp\/v2\/product_brand?post=391"},{"taxonomy":"product_cat","embeddable":true,"href":"https:\/\/www.comppax.com\/es\/wp-json\/wp\/v2\/product_cat?post=391"},{"taxonomy":"product_tag","embeddable":true,"href":"https:\/\/www.comppax.com\/es\/wp-json\/wp\/v2\/product_tag?post=391"}],"curies":[{"name":"wp","href":"https:\/\/api.w.org\/{rel}","templated":true}]}}