{"id":393,"date":"2025-12-24T09:08:27","date_gmt":"2025-12-24T14:08:27","guid":{"rendered":"https:\/\/www.comppax.com\/?post_type=product&#038;p=393"},"modified":"2026-02-12T12:02:08","modified_gmt":"2026-02-12T17:02:08","slug":"2136-20-torre-de-iluminacion-cargador-m18-rocket","status":"publish","type":"product","link":"https:\/\/www.comppax.com\/es\/productos-destacados\/2136-20-torre-de-iluminacion-cargador-m18-rocket\/","title":{"rendered":"2136-20 Torre de iluminaci\u00f3n\/cargador M18\u2122 ROCKET\u2122"},"content":{"rendered":"<p>2136-20 Torre de iluminaci\u00f3n\/cargador M18\u2122 ROCKET\u2122<\/p>\n<p><span class=\"\">Nuestra torre de iluminaci\u00f3n y el cargador M18\u2122 ROCKET\u2122 est\u00e1n dise\u00f1ados para entregarle una soluci\u00f3n de iluminaci\u00f3n que se adapte, funcione y sobreviva en el lugar de trabajo Esta torre de iluminaci\u00f3n se configura en segundos hasta una altura m\u00e1xima de 7&#8242; y se reduce a menos de 4&#8242; para un f\u00e1cil transporte y almacenamiento. El cabezal de iluminaci\u00f3n LED se puede extender de 4&#8242; a 7&#8242; para iluminar trabajos elevados o minimizar las sombras cuando proyecta la luz hacia abajo. El cabezal de iluminaci\u00f3n multidireccional le brinda al usuario la capacidad de orientar los tres cabezales de iluminaci\u00f3n giratorios independientes para proyectar la luz en varias direcciones. Con un conector de CA integrado, el usuario puede conectar la torre de iluminaci\u00f3n con un cable de extensi\u00f3n est\u00e1ndar y cargar cualquier bater\u00eda M18\u2122 REDLITHIUM\u2122 o puede usar el puerto USB para cargar sus dispositivos en terreno. Genera 6,000\u00a0l\u00famenes, abarca grandes \u00e1reas con la luz TRUEVIEW\u2122 de alta definici\u00f3n. Para un control optimizado sobre la salida y el tiempo de operaci\u00f3n, la luz LED M18\u2122 ROCKET\u2122 tiene tres ajustes de salida. Jam\u00e1s tendr\u00e1 que reemplazar las luces LED. Adem\u00e1s cuentan con el respaldo de una garant\u00eda limitada de por vida.<\/span><\/p>\n","protected":false},"excerpt":{"rendered":"<p>2136-20 Torre de iluminaci\u00f3n\/cargador M18\u2122 ROCKET\u2122<\/p>\n","protected":false},"featured_media":394,"comment_status":"open","ping_status":"closed","template":"","meta":{"_et_pb_use_builder":"","_et_pb_old_content":"","_et_gb_content_width":""},"product_brand":[],"product_cat":[23,24,69,22,26],"product_tag":[],"class_list":{"0":"post-393","1":"product","2":"type-product","3":"status-publish","4":"has-post-thumbnail","6":"product_cat-equipos-electricos-industriales","7":"product_cat-instrumentacion-y-control","8":"product_cat-productos-destacados","9":"product_cat-sin-categorizar","10":"product_cat-suministros-para-el-sector-petrolero-y-minero","12":"first","13":"instock","14":"sold-individually","15":"shipping-taxable","16":"purchasable","17":"product-type-simple"},"jetpack_sharing_enabled":true,"_links":{"self":[{"href":"https:\/\/www.comppax.com\/es\/wp-json\/wp\/v2\/product\/393","targetHints":{"allow":["GET"]}}],"collection":[{"href":"https:\/\/www.comppax.com\/es\/wp-json\/wp\/v2\/product"}],"about":[{"href":"https:\/\/www.comppax.com\/es\/wp-json\/wp\/v2\/types\/product"}],"replies":[{"embeddable":true,"href":"https:\/\/www.comppax.com\/es\/wp-json\/wp\/v2\/comments?post=393"}],"wp:featuredmedia":[{"embeddable":true,"href":"https:\/\/www.comppax.com\/es\/wp-json\/wp\/v2\/media\/394"}],"wp:attachment":[{"href":"https:\/\/www.comppax.com\/es\/wp-json\/wp\/v2\/media?parent=393"}],"wp:term":[{"taxonomy":"product_brand","embeddable":true,"href":"https:\/\/www.comppax.com\/es\/wp-json\/wp\/v2\/product_brand?post=393"},{"taxonomy":"product_cat","embeddable":true,"href":"https:\/\/www.comppax.com\/es\/wp-json\/wp\/v2\/product_cat?post=393"},{"taxonomy":"product_tag","embeddable":true,"href":"https:\/\/www.comppax.com\/es\/wp-json\/wp\/v2\/product_tag?post=393"}],"curies":[{"name":"wp","href":"https:\/\/api.w.org\/{rel}","templated":true}]}}