{"id":414,"date":"2025-12-26T15:13:48","date_gmt":"2025-12-26T20:13:48","guid":{"rendered":"https:\/\/www.comppax.com\/?post_type=product&#038;p=414"},"modified":"2026-02-12T11:55:14","modified_gmt":"2026-02-12T16:55:14","slug":"bl710-bloqueador-de-linea-para-mt-y-bt-unidad","status":"publish","type":"product","link":"https:\/\/www.comppax.com\/es\/productos-destacados\/bl710-bloqueador-de-linea-para-mt-y-bt-unidad\/","title":{"rendered":"BL710 BLOQUEADOR DE LINEA PARA MT Y BT (UNIDAD)"},"content":{"rendered":"<p>BL710 BLOQUEADOR DE LINEA PARA MT Y BT<\/p>\n<p>&nbsp;<\/p>\n<p>El BL710 es un dispositivo dise\u00f1ado para garantizar la seguridad en maniobras de mantenimiento redes de media tensi\u00f3n, evitando mec\u00e1nica y visualmente la reconexi\u00f3n accidental de un circuito.<\/p>\n<p><strong>Caracter\u00edsticas Destacadas<\/strong><\/p>\n<ul>\n<li>Bloqueo mec\u00e1nico robusto<\/li>\n<li>Se\u00f1alizaci\u00f3n y resistencia en ambientes industriales<\/li>\n<li>Cumplimento de la segunda regla de oro: Bloqueo y se\u00f1alizaci\u00f3n<\/li>\n<\/ul>\n<p><strong>Construcci\u00f3n y Materiales<\/strong><\/p>\n<ul>\n<li>Asa reforzada con cavidad para transporte manual<\/li>\n<li>Refuerzo superior con termo encogible (negro o amarillo)<\/li>\n<li>Pared en policloruro de 2.5 mm.<\/li>\n<li>Material anti-flama, resistente a la corrosi\u00f3n, ozono y rayos UV<\/li>\n<\/ul>\n<p><strong>Dimensiones<\/strong><\/p>\n<ul>\n<li>Altura: 54 cm<\/li>\n<li>Ancho: 12 cm<\/li>\n<li>Profundidad: 16cm<\/li>\n<\/ul>\n<p><strong>Compatibilidad y Operaci\u00f3n<\/strong><\/p>\n<ul>\n<li>Incluye orificios para instalaci\u00f3n mediante p\u00e9rtiga<\/li>\n<li>Se\u00f1alizaci\u00f3n frontal (28x3cm) y lateral de alto riesgo el\u00e9ctrico.<\/li>\n<\/ul>\n","protected":false},"excerpt":{"rendered":"<p>BL710 BLOQUEADOR DE LINEA PARA MT Y BT<\/p>\n","protected":false},"featured_media":416,"comment_status":"open","ping_status":"closed","template":"","meta":{"_et_pb_use_builder":"","_et_pb_old_content":"","_et_gb_content_width":""},"product_brand":[],"product_cat":[23,24,69],"product_tag":[41,30,42,43],"class_list":{"0":"post-414","1":"product","2":"type-product","3":"status-publish","4":"has-post-thumbnail","6":"product_cat-equipos-electricos-industriales","7":"product_cat-instrumentacion-y-control","8":"product_cat-productos-destacados","9":"product_tag-bloqueador-de-linea","10":"product_tag-comppax","11":"product_tag-segunda-ley-de-oro","12":"product_tag-senalizacion","14":"first","15":"instock","16":"shipping-taxable","17":"purchasable","18":"product-type-simple"},"jetpack_sharing_enabled":true,"_links":{"self":[{"href":"https:\/\/www.comppax.com\/es\/wp-json\/wp\/v2\/product\/414","targetHints":{"allow":["GET"]}}],"collection":[{"href":"https:\/\/www.comppax.com\/es\/wp-json\/wp\/v2\/product"}],"about":[{"href":"https:\/\/www.comppax.com\/es\/wp-json\/wp\/v2\/types\/product"}],"replies":[{"embeddable":true,"href":"https:\/\/www.comppax.com\/es\/wp-json\/wp\/v2\/comments?post=414"}],"wp:featuredmedia":[{"embeddable":true,"href":"https:\/\/www.comppax.com\/es\/wp-json\/wp\/v2\/media\/416"}],"wp:attachment":[{"href":"https:\/\/www.comppax.com\/es\/wp-json\/wp\/v2\/media?parent=414"}],"wp:term":[{"taxonomy":"product_brand","embeddable":true,"href":"https:\/\/www.comppax.com\/es\/wp-json\/wp\/v2\/product_brand?post=414"},{"taxonomy":"product_cat","embeddable":true,"href":"https:\/\/www.comppax.com\/es\/wp-json\/wp\/v2\/product_cat?post=414"},{"taxonomy":"product_tag","embeddable":true,"href":"https:\/\/www.comppax.com\/es\/wp-json\/wp\/v2\/product_tag?post=414"}],"curies":[{"name":"wp","href":"https:\/\/api.w.org\/{rel}","templated":true}]}}