{"id":417,"date":"2025-12-26T15:57:13","date_gmt":"2025-12-26T20:57:13","guid":{"rendered":"https:\/\/www.comppax.com\/?post_type=product&#038;p=417"},"modified":"2026-02-12T11:54:30","modified_gmt":"2026-02-12T16:54:30","slug":"48-22-5506-cinta-metrica-con-llavero-de-milwaukee-de-6-pies-2-m","status":"publish","type":"product","link":"https:\/\/www.comppax.com\/es\/ferreteria\/48-22-5506-cinta-metrica-con-llavero-de-milwaukee-de-6-pies-2-m\/","title":{"rendered":"48-22-5506 Cinta m\u00e9trica con llavero de Milwaukee de 6 pies\/2 m"},"content":{"rendered":"<p>48-22-5506 Cinta m\u00e9trica con llavero de Milwaukee de 6 pies\/2 m<\/p>\n<p>La cinta m\u00e9trica con llavero de Milwaukee de 6&#8217;\/2 m (48-22-5506) combina la conveniencia de la portabilidad con la m\u00e1xima durabilidad y funcionalidad que necesitan los profesionales en todos los sectores. Con una vida \u00fatil 10 veces m\u00e1s prolongada que la competencia, la nueva cinta m\u00e9trica cuenta con una protecci\u00f3n de nylon para la hoja para resistir la contaminaci\u00f3n del lugar de trabajo y un cuerpo reforzado en 5 puntos para protecci\u00f3n contra da\u00f1os producto de ca\u00eddas. Para mayor funcionalidad, un gancho de llavero para servicio pesado le proporciona la versatilidad para engancharse en pr\u00e1cticamente cualquier parte, desde cinturones hasta llaveros. Viene impresa con imperial y m\u00e9trico. Respaldada con una garant\u00eda limitada de por vida, la cinta m\u00e9trica con llavero de 6&#8217;\/2 m confirma el compromiso de Milwaukee con la mejor durabilidad en su clase y su implacable compromiso con proporcionar soluciones innovadoras para los usuarios finales que incrementar\u00e1n la productividad.<\/p>\n<p>&nbsp;<\/p>\n","protected":false},"excerpt":{"rendered":"<p>48-22-5506 Cinta m\u00e9trica con llavero de Milwaukee de 6 pies\/2 m<\/p>\n","protected":false},"featured_media":418,"comment_status":"open","ping_status":"closed","template":"","meta":{"_et_pb_use_builder":"","_et_pb_old_content":"","_et_gb_content_width":""},"product_brand":[],"product_cat":[40,23,85,24,26],"product_tag":[45,30,47,46,44],"class_list":{"0":"post-417","1":"product","2":"type-product","3":"status-publish","4":"has-post-thumbnail","6":"product_cat-construccion","7":"product_cat-equipos-electricos-industriales","8":"product_cat-ferreteria","9":"product_cat-instrumentacion-y-control","10":"product_cat-suministros-para-el-sector-petrolero-y-minero","11":"product_tag-cinta-metrica","12":"product_tag-comppax","13":"product_tag-flexometro","14":"product_tag-mediciones","15":"product_tag-metro","17":"first","18":"instock","19":"sold-individually","20":"shipping-taxable","21":"purchasable","22":"product-type-simple"},"jetpack_sharing_enabled":true,"_links":{"self":[{"href":"https:\/\/www.comppax.com\/es\/wp-json\/wp\/v2\/product\/417","targetHints":{"allow":["GET"]}}],"collection":[{"href":"https:\/\/www.comppax.com\/es\/wp-json\/wp\/v2\/product"}],"about":[{"href":"https:\/\/www.comppax.com\/es\/wp-json\/wp\/v2\/types\/product"}],"replies":[{"embeddable":true,"href":"https:\/\/www.comppax.com\/es\/wp-json\/wp\/v2\/comments?post=417"}],"wp:featuredmedia":[{"embeddable":true,"href":"https:\/\/www.comppax.com\/es\/wp-json\/wp\/v2\/media\/418"}],"wp:attachment":[{"href":"https:\/\/www.comppax.com\/es\/wp-json\/wp\/v2\/media?parent=417"}],"wp:term":[{"taxonomy":"product_brand","embeddable":true,"href":"https:\/\/www.comppax.com\/es\/wp-json\/wp\/v2\/product_brand?post=417"},{"taxonomy":"product_cat","embeddable":true,"href":"https:\/\/www.comppax.com\/es\/wp-json\/wp\/v2\/product_cat?post=417"},{"taxonomy":"product_tag","embeddable":true,"href":"https:\/\/www.comppax.com\/es\/wp-json\/wp\/v2\/product_tag?post=417"}],"curies":[{"name":"wp","href":"https:\/\/api.w.org\/{rel}","templated":true}]}}