{"id":564,"date":"2026-01-28T21:17:07","date_gmt":"2026-01-29T02:17:07","guid":{"rendered":"https:\/\/www.comppax.com\/?post_type=product&#038;p=564"},"modified":"2026-02-12T09:28:55","modified_gmt":"2026-02-12T14:28:55","slug":"48-73-2015-gafas-de-seguridad-lentes-antiaranazos","status":"publish","type":"product","link":"https:\/\/www.comppax.com\/es\/ferreteria\/48-73-2015-gafas-de-seguridad-lentes-antiaranazos\/","title":{"rendered":"48-73-2015 Gafas de seguridad &#8211; Lentes antiara\u00f1azos"},"content":{"rendered":"<p>&nbsp;<\/p>\n<p>48&#8211;73-2015 Gafas de seguridad &#8211; Lentes antiara\u00f1azos<\/p>\n<p>Nuestras gafas de seguridad antiara\u00f1azos est\u00e1n dise\u00f1adas para un confort durante todo el d\u00eda con lentes antiara\u00f1azos. Estas gafas protectoras tienen un recubrimiento duro antiara\u00f1azos para proteger las lentes de las exigencias del lugar de trabajo. Las gafas de seguridad cuentan con c\u00f3modas sienes dise\u00f1adas para un uso prolongado. Estas gafas protectoras tienen un puente nasal flexible integrado, que te proporciona mayor comodidad. Estas gafas de seguridad antiara\u00f1azos MILWAUKEE\u00ae est\u00e1n disponibles con lentes amarillas, grises, transparentes y lupas. Las lentes amarillas hacen que los entornos parezcan m\u00e1s luminosos, ideales para trabajar con poca luz. Las lentes grises son ideales tanto para trabajos en interiores como en exteriores, y las lupas eliminan la necesidad de llevar gafas adicionales bajo las gafas de seguridad. Nuestras gafas de seguridad antiara\u00f1azos te permiten ver lo que es importante sin sacrificar la protecci\u00f3n.<\/p>\n","protected":false},"excerpt":{"rendered":"<p>48&#8211;73-2015 Gafas de seguridad &#8211; Lentes antiara\u00f1azos<\/p>\n","protected":false},"featured_media":566,"comment_status":"open","ping_status":"closed","template":"","meta":{"_et_pb_use_builder":"","_et_pb_old_content":"","_et_gb_content_width":""},"product_brand":[],"product_cat":[22,40,23,85,24,69,26],"product_tag":[],"class_list":{"0":"post-564","1":"product","2":"type-product","3":"status-publish","4":"has-post-thumbnail","6":"product_cat-sin-categorizar","7":"product_cat-construccion","8":"product_cat-equipos-electricos-industriales","9":"product_cat-ferreteria","10":"product_cat-instrumentacion-y-control","11":"product_cat-productos-destacados","12":"product_cat-suministros-para-el-sector-petrolero-y-minero","14":"first","15":"instock","16":"shipping-taxable","17":"purchasable","18":"product-type-simple"},"jetpack_sharing_enabled":true,"_links":{"self":[{"href":"https:\/\/www.comppax.com\/es\/wp-json\/wp\/v2\/product\/564","targetHints":{"allow":["GET"]}}],"collection":[{"href":"https:\/\/www.comppax.com\/es\/wp-json\/wp\/v2\/product"}],"about":[{"href":"https:\/\/www.comppax.com\/es\/wp-json\/wp\/v2\/types\/product"}],"replies":[{"embeddable":true,"href":"https:\/\/www.comppax.com\/es\/wp-json\/wp\/v2\/comments?post=564"}],"wp:featuredmedia":[{"embeddable":true,"href":"https:\/\/www.comppax.com\/es\/wp-json\/wp\/v2\/media\/566"}],"wp:attachment":[{"href":"https:\/\/www.comppax.com\/es\/wp-json\/wp\/v2\/media?parent=564"}],"wp:term":[{"taxonomy":"product_brand","embeddable":true,"href":"https:\/\/www.comppax.com\/es\/wp-json\/wp\/v2\/product_brand?post=564"},{"taxonomy":"product_cat","embeddable":true,"href":"https:\/\/www.comppax.com\/es\/wp-json\/wp\/v2\/product_cat?post=564"},{"taxonomy":"product_tag","embeddable":true,"href":"https:\/\/www.comppax.com\/es\/wp-json\/wp\/v2\/product_tag?post=564"}],"curies":[{"name":"wp","href":"https:\/\/api.w.org\/{rel}","templated":true}]}}