{"id":572,"date":"2026-02-03T19:30:22","date_gmt":"2026-02-04T00:30:22","guid":{"rendered":"https:\/\/www.comppax.com\/?post_type=product&#038;p=572"},"modified":"2026-02-12T09:53:11","modified_gmt":"2026-02-12T14:53:11","slug":"48-22-3103-marcador-de-punta-de-cincel-negro-inkzall","status":"publish","type":"product","link":"https:\/\/www.comppax.com\/es\/ferreteria\/48-22-3103-marcador-de-punta-de-cincel-negro-inkzall\/","title":{"rendered":"48-22-3103 Marcador de punta de cincel negro INKZALL\u2122"},"content":{"rendered":"<p>48-22-3103 Marcador de punta de cincel negro INKZALL\u2122<\/p>\n<p>Los Marcadores de Obra INKZALL\u2122 cuentan con puntas resistentes a obstrucciones y la capacidad de escribir a trav\u00e9s de superficies polvorientas, h\u00famedas o aceitosas. Las puntas duraderas de los rotuladores est\u00e1n dise\u00f1adas para escribir en superficies rugosas como OSB, bloques de hormig\u00f3n y hormig\u00f3n, y la tinta se seca r\u00e1pidamente para reducir las marcas de borr\u00f3n, sin secarse r\u00e1pidamente cuando se deja la tapa sin tapa. Para mayor comodidad, los rotuladores INKZALL\u2122 tienen un clip integrado para el casco para facilitar el almacenamiento y el acceso. Los marcadores INKZALL\u2122 confirman el compromiso de Milwaukee con la durabilidad de primera clase y su misi\u00f3n incansable de ofrecer soluciones innovadoras al usuario final.<\/p>\n","protected":false},"excerpt":{"rendered":"<p>48-22-3103 Marcador de punta de cincel negro INKZALL\u2122<\/p>\n","protected":false},"featured_media":573,"comment_status":"open","ping_status":"closed","template":"","meta":{"_et_pb_use_builder":"","_et_pb_old_content":"","_et_gb_content_width":""},"product_brand":[],"product_cat":[23,85,24,69,26],"product_tag":[],"class_list":{"0":"post-572","1":"product","2":"type-product","3":"status-publish","4":"has-post-thumbnail","6":"product_cat-equipos-electricos-industriales","7":"product_cat-ferreteria","8":"product_cat-instrumentacion-y-control","9":"product_cat-productos-destacados","10":"product_cat-suministros-para-el-sector-petrolero-y-minero","12":"first","13":"instock","14":"sold-individually","15":"shipping-taxable","16":"purchasable","17":"product-type-simple"},"jetpack_sharing_enabled":true,"_links":{"self":[{"href":"https:\/\/www.comppax.com\/es\/wp-json\/wp\/v2\/product\/572","targetHints":{"allow":["GET"]}}],"collection":[{"href":"https:\/\/www.comppax.com\/es\/wp-json\/wp\/v2\/product"}],"about":[{"href":"https:\/\/www.comppax.com\/es\/wp-json\/wp\/v2\/types\/product"}],"replies":[{"embeddable":true,"href":"https:\/\/www.comppax.com\/es\/wp-json\/wp\/v2\/comments?post=572"}],"wp:featuredmedia":[{"embeddable":true,"href":"https:\/\/www.comppax.com\/es\/wp-json\/wp\/v2\/media\/573"}],"wp:attachment":[{"href":"https:\/\/www.comppax.com\/es\/wp-json\/wp\/v2\/media?parent=572"}],"wp:term":[{"taxonomy":"product_brand","embeddable":true,"href":"https:\/\/www.comppax.com\/es\/wp-json\/wp\/v2\/product_brand?post=572"},{"taxonomy":"product_cat","embeddable":true,"href":"https:\/\/www.comppax.com\/es\/wp-json\/wp\/v2\/product_cat?post=572"},{"taxonomy":"product_tag","embeddable":true,"href":"https:\/\/www.comppax.com\/es\/wp-json\/wp\/v2\/product_tag?post=572"}],"curies":[{"name":"wp","href":"https:\/\/api.w.org\/{rel}","templated":true}]}}